{"id":13,"date":"2025-12-18T11:59:39","date_gmt":"2025-12-18T10:59:39","guid":{"rendered":"http:\/\/localhost:8888\/wpsoyu2026\/?page_id=13"},"modified":"2026-04-15T16:07:16","modified_gmt":"2026-04-15T14:07:16","slug":"nos-realisations","status":"publish","type":"page","link":"https:\/\/dev.soyu.fr\/nos-realisations\/","title":{"rendered":"Nos r\u00e9alisations"},"content":{"rendered":"\t\t<div data-elementor-type=\"wp-page\" data-elementor-id=\"13\" class=\"elementor elementor-13\" data-elementor-post-type=\"page\">\n\t\t\t\t<div class=\"elementor-element elementor-element-3ae48dd elementor-hidden-tablet elementor-hidden-mobile e-flex e-con-boxed e-con e-parent\" data-id=\"3ae48dd\" data-element_type=\"container\" data-e-type=\"container\">\n\t\t\t\t\t<div class=\"e-con-inner\">\n\t\t\t\t<div class=\"elementor-element elementor-element-e263a5b elementor-widget elementor-widget-text-editor\" data-id=\"e263a5b\" data-element_type=\"widget\" data-e-type=\"widget\" data-widget_type=\"text-editor.default\">\n\t\t\t\t\t\t\t\t\t<nav aria-label=\"breadcrumbs\" class=\"rank-math-breadcrumb\"><p><span class=\"last\">Accueil<\/span><\/p><\/nav>\t\t\t\t\t\t\t\t<\/div>\n\t\t\t\t\t<\/div>\n\t\t\t\t<\/div>\n\t\t<div class=\"elementor-element elementor-element-98e80d8 e-con-full e-flex e-con e-parent\" data-id=\"98e80d8\" data-element_type=\"container\" data-e-type=\"container\" data-settings=\"{&quot;background_background&quot;:&quot;slideshow&quot;,&quot;background_slideshow_gallery&quot;:[{&quot;id&quot;:1771,&quot;url&quot;:&quot;https:\\\/\\\/dev.soyu.fr\\\/wp-content\\\/uploads\\\/2026\\\/04\\\/Animation-crayon-A.webp&quot;},{&quot;id&quot;:1772,&quot;url&quot;:&quot;https:\\\/\\\/dev.soyu.fr\\\/wp-content\\\/uploads\\\/2026\\\/04\\\/Animation-crayon-B.webp&quot;},{&quot;id&quot;:1773,&quot;url&quot;:&quot;https:\\\/\\\/dev.soyu.fr\\\/wp-content\\\/uploads\\\/2026\\\/04\\\/Animation-crayon-C.webp&quot;},{&quot;id&quot;:1774,&quot;url&quot;:&quot;https:\\\/\\\/dev.soyu.fr\\\/wp-content\\\/uploads\\\/2026\\\/04\\\/Animation-crayon-D.webp&quot;},{&quot;id&quot;:1775,&quot;url&quot;:&quot;https:\\\/\\\/dev.soyu.fr\\\/wp-content\\\/uploads\\\/2026\\\/04\\\/Animation-crayon-E.webp&quot;},{&quot;id&quot;:1776,&quot;url&quot;:&quot;https:\\\/\\\/dev.soyu.fr\\\/wp-content\\\/uploads\\\/2026\\\/04\\\/Animation-crayon-F.webp&quot;},{&quot;id&quot;:1777,&quot;url&quot;:&quot;https:\\\/\\\/dev.soyu.fr\\\/wp-content\\\/uploads\\\/2026\\\/04\\\/Animation-crayon-G.webp&quot;}],&quot;background_slideshow_slide_duration&quot;:350,&quot;background_slideshow_transition_duration&quot;:0,&quot;background_slideshow_loop&quot;:&quot;yes&quot;,&quot;background_slideshow_slide_transition&quot;:&quot;fade&quot;}\">\n\t\t\t\t<\/div>\n\t\t<div class=\"elementor-element elementor-element-9e97ed4 e-con-full e-flex e-con e-parent\" data-id=\"9e97ed4\" data-element_type=\"container\" data-e-type=\"container\" data-settings=\"{&quot;background_background&quot;:&quot;classic&quot;}\">\n\t\t<div class=\"elementor-element elementor-element-deeaf62 e-flex e-con-boxed e-con e-child\" data-id=\"deeaf62\" data-element_type=\"container\" data-e-type=\"container\">\n\t\t\t\t\t<div class=\"e-con-inner\">\n\t\t\t\t<div class=\"elementor-element elementor-element-aaf3830 elementor-icon-list--layout-inline elementor-align-start elementor-list-item-link-full_width elementor-widget elementor-widget-icon-list\" data-id=\"aaf3830\" data-element_type=\"widget\" data-e-type=\"widget\" data-widget_type=\"icon-list.default\">\n\t\t\t\t\t\t\t<ul class=\"elementor-icon-list-items elementor-inline-items\">\n\t\t\t\t\t\t\t<li class=\"elementor-icon-list-item elementor-inline-item\">\n\t\t\t\t\t\t\t\t\t\t<span class=\"elementor-icon-list-text\">Espaces r\u00e9sidentiels<\/span>\n\t\t\t\t\t\t\t\t\t<\/li>\n\t\t\t\t\t\t\t\t<li class=\"elementor-icon-list-item elementor-inline-item\">\n\t\t\t\t\t\t\t\t\t\t<span class=\"elementor-icon-list-text\">Espaces professionnels<\/span>\n\t\t\t\t\t\t\t\t\t<\/li>\n\t\t\t\t\t\t<\/ul>\n\t\t\t\t\t\t<\/div>\n\t\t\t\t\t<\/div>\n\t\t\t\t<\/div>\n\t\t\t\t<\/div>\n\t\t<div class=\"elementor-element elementor-element-c2d4649 e-flex e-con-boxed e-con e-parent\" data-id=\"c2d4649\" data-element_type=\"container\" data-e-type=\"container\">\n\t\t\t\t\t<div class=\"e-con-inner\">\n\t\t<div class=\"elementor-element elementor-element-a6f87d1 e-con-full e-flex e-con e-child\" data-id=\"a6f87d1\" data-element_type=\"container\" data-e-type=\"container\">\n\t\t\t\t<div class=\"elementor-element elementor-element-3a86e11 elementor-widget__width-initial elementor-widget elementor-widget-heading\" data-id=\"3a86e11\" data-element_type=\"widget\" data-e-type=\"widget\" data-widget_type=\"heading.default\">\n\t\t\t\t\t<h1 class=\"elementor-heading-title elementor-size-default\">Nos r\u00e9alisations<\/h1>\t\t\t\t<\/div>\n\t\t\t\t<\/div>\n\t\t<div class=\"elementor-element elementor-element-058f6c0 e-con-full e-flex e-con e-child\" data-id=\"058f6c0\" data-element_type=\"container\" data-e-type=\"container\" data-settings=\"{&quot;background_background&quot;:&quot;classic&quot;,&quot;shape_divider_top&quot;:&quot;waves&quot;}\">\n\t\t\t\t<div class=\"elementor-shape elementor-shape-top\" aria-hidden=\"true\" data-negative=\"false\">\n\t\t\t<svg xmlns=\"http:\/\/www.w3.org\/2000\/svg\" viewBox=\"0 0 1000 100\" preserveAspectRatio=\"none\">\n\t<path class=\"elementor-shape-fill\" d=\"M421.9,6.5c22.6-2.5,51.5,0.4,75.5,5.3c23.6,4.9,70.9,23.5,100.5,35.7c75.8,32.2,133.7,44.5,192.6,49.7\n\tc23.6,2.1,48.7,3.5,103.4-2.5c54.7-6,106.2-25.6,106.2-25.6V0H0v30.3c0,0,72,32.6,158.4,30.5c39.2-0.7,92.8-6.7,134-22.4\n\tc21.2-8.1,52.2-18.2,79.7-24.2C399.3,7.9,411.6,7.5,421.9,6.5z\"\/>\n<\/svg>\t\t<\/div>\n\t\t\t\t<div class=\"elementor-element elementor-element-848be5b elementor-widget__width-initial elementor-view-default elementor-widget elementor-widget-icon\" data-id=\"848be5b\" data-element_type=\"widget\" data-e-type=\"widget\" data-widget_type=\"icon.default\">\n\t\t\t\t\t\t\t<div class=\"elementor-icon-wrapper\">\n\t\t\t<div class=\"elementor-icon\">\n\t\t\t<svg xmlns=\"http:\/\/www.w3.org\/2000\/svg\" xmlns:i=\"http:\/\/ns.adobe.com\/AdobeIllustrator\/10.0\/\" id=\"Mode_Isolation\" viewBox=\"0 0 100.95 71.8\"><path d=\"M25.76,71.8c-4.85,0-9.23-1.26-13.14-3.77-3.9-2.51-6.98-5.99-9.23-10.41S.01,48.12.01,42.4c0-4.51.96-8.93,2.87-13.27,1.9-4.33,4.55-8.41,7.93-12.23,3.38-3.81,7.33-7.2,11.84-10.15C27.16,3.8,32.02,1.55,37.22-.01l9.88,11.96c-6.76,3.12-12.32,6.68-16.65,10.67-4.34,3.99-6.51,7.46-6.51,10.4,0,2.26.96,4.25,2.86,5.99,1.91,1.74,3.65,3.3,5.21,4.68,3.82,3.12,6.37,5.72,7.67,7.8s1.95,4.25,1.95,6.51c0,4.16-1.48,7.5-4.42,10.02-2.95,2.51-6.77,3.77-11.45,3.77h0ZM79.61,71.8c-4.85,0-9.23-1.26-13.13-3.77-3.91-2.51-6.99-5.99-9.23-10.41-2.26-4.42-3.38-9.5-3.38-15.22,0-4.51.95-8.93,2.86-13.27,1.9-4.33,4.55-8.41,7.94-12.23,3.38-3.81,7.32-7.2,11.83-10.15C81.01,3.8,85.87,1.55,91.07-.01l9.89,11.96c-6.77,3.12-12.32,6.68-16.66,10.67-4.33,3.99-6.5,7.46-6.5,10.4,0,2.26.95,4.25,2.86,5.99,1.9,1.74,3.64,3.3,5.2,4.68,3.82,3.12,6.37,5.72,7.68,7.8,1.3,2.08,1.94,4.25,1.94,6.51,0,4.16-1.47,7.5-4.42,10.02s-6.77,3.77-11.45,3.77h0Z\"><\/path><metadata><\/metadata><\/svg>\t\t\t<\/div>\n\t\t<\/div>\n\t\t\t\t\t\t<\/div>\n\t\t\t\t<div class=\"elementor-element elementor-element-e0100b5 elementor-widget__width-initial elementor-widget elementor-widget-text-editor\" data-id=\"e0100b5\" data-element_type=\"widget\" data-e-type=\"widget\" data-widget_type=\"text-editor.default\">\n\t\t\t\t\t\t\t\t\t<p>SOYU con\u00e7oit et r\u00e9alise des lieux clairs et d\u00e9sirables. Architecture d\u2019int\u00e9rieur, direction artistique, fabrication d\u2019agencements, \u00e9quipement mobilier et pilotage de chantier, notre m\u00e9thode repose sur l\u2019\u00e9coute des usages, la pr\u00e9cision des d\u00e9tails, la qualit\u00e9 des mat\u00e9riaux et un suivi rigoureux jusqu\u2019\u00e0 la r\u00e9ception.<\/p>\t\t\t\t\t\t\t\t<\/div>\n\t\t\t\t<\/div>\n\t\t\t\t\t<\/div>\n\t\t\t\t<\/div>\n\t\t<div class=\"elementor-element elementor-element-246a5d3 e-flex e-con-boxed e-con e-parent\" data-id=\"246a5d3\" data-element_type=\"container\" data-e-type=\"container\">\n\t\t\t\t\t<div class=\"e-con-inner\">\n\t\t<div class=\"elementor-element elementor-element-0a99cf7 e-con-full e-flex e-con e-child\" data-id=\"0a99cf7\" data-element_type=\"container\" data-e-type=\"container\">\n\t\t\t\t<div class=\"elementor-element elementor-element-e957a7b elementor-widget elementor-widget-heading\" data-id=\"e957a7b\" data-element_type=\"widget\" data-e-type=\"widget\" data-widget_type=\"heading.default\">\n\t\t\t\t\t<h2 class=\"elementor-heading-title elementor-size-default\">Espaces r\u00e9sidentiels<\/h2>\t\t\t\t<\/div>\n\t\t\t\t<\/div>\n\t\t<div class=\"elementor-element elementor-element-05a7c46 e-con-full e-flex e-con e-child\" data-id=\"05a7c46\" data-element_type=\"container\" data-e-type=\"container\">\n\t\t\t\t<\/div>\n\t\t<div class=\"elementor-element elementor-element-b530329 e-con-full e-flex e-con e-child\" data-id=\"b530329\" data-element_type=\"container\" data-e-type=\"container\">\n\t\t\t\t<\/div>\n\t\t\t\t\t<\/div>\n\t\t\t\t<\/div>\n\t\t\t\t<\/div>\n\t\t","protected":false},"excerpt":{"rendered":"<p>Espaces r\u00e9sidentiels Espaces professionnels Nos r\u00e9alisations SOYU con\u00e7oit et r\u00e9alise des lieux clairs et d\u00e9sirables. Architecture d\u2019int\u00e9rieur, direction artistique, fabrication [&hellip;]<\/p>\n","protected":false},"author":1,"featured_media":0,"parent":0,"menu_order":0,"comment_status":"closed","ping_status":"closed","template":"","meta":{"_acf_changed":false,"site-sidebar-layout":"no-sidebar","site-content-layout":"","ast-site-content-layout":"full-width-container","site-content-style":"default","site-sidebar-style":"default","ast-global-header-display":"","ast-banner-title-visibility":"","ast-main-header-display":"","ast-hfb-above-header-display":"","ast-hfb-below-header-display":"","ast-hfb-mobile-header-display":"","site-post-title":"disabled","ast-breadcrumbs-content":"","ast-featured-img":"disabled","footer-sml-layout":"","ast-disable-related-posts":"","theme-transparent-header-meta":"","adv-header-id-meta":"","stick-header-meta":"","header-above-stick-meta":"","header-main-stick-meta":"","header-below-stick-meta":"","astra-migrate-meta-layouts":"default","ast-page-background-enabled":"default","ast-page-background-meta":{"desktop":{"background-color":"var(--ast-global-color-5)","background-image":"","background-repeat":"repeat","background-position":"center center","background-size":"auto","background-attachment":"scroll","background-type":"","background-media":"","overlay-type":"","overlay-color":"","overlay-opacity":"","overlay-gradient":""},"tablet":{"background-color":"","background-image":"","background-repeat":"repeat","background-position":"center center","background-size":"auto","background-attachment":"scroll","background-type":"","background-media":"","overlay-type":"","overlay-color":"","overlay-opacity":"","overlay-gradient":""},"mobile":{"background-color":"","background-image":"","background-repeat":"repeat","background-position":"center center","background-size":"auto","background-attachment":"scroll","background-type":"","background-media":"","overlay-type":"","overlay-color":"","overlay-opacity":"","overlay-gradient":""}},"ast-content-background-meta":{"desktop":{"background-color":"var(--ast-global-color-4)","background-image":"","background-repeat":"repeat","background-position":"center center","background-size":"auto","background-attachment":"scroll","background-type":"","background-media":"","overlay-type":"","overlay-color":"","overlay-opacity":"","overlay-gradient":""},"tablet":{"background-color":"var(--ast-global-color-4)","background-image":"","background-repeat":"repeat","background-position":"center center","background-size":"auto","background-attachment":"scroll","background-type":"","background-media":"","overlay-type":"","overlay-color":"","overlay-opacity":"","overlay-gradient":""},"mobile":{"background-color":"var(--ast-global-color-4)","background-image":"","background-repeat":"repeat","background-position":"center center","background-size":"auto","background-attachment":"scroll","background-type":"","background-media":"","overlay-type":"","overlay-color":"","overlay-opacity":"","overlay-gradient":""}},"footnotes":""},"folder":[],"class_list":["post-13","page","type-page","status-publish","hentry"],"acf":[],"_links":{"self":[{"href":"https:\/\/dev.soyu.fr\/wp-json\/wp\/v2\/pages\/13","targetHints":{"allow":["GET"]}}],"collection":[{"href":"https:\/\/dev.soyu.fr\/wp-json\/wp\/v2\/pages"}],"about":[{"href":"https:\/\/dev.soyu.fr\/wp-json\/wp\/v2\/types\/page"}],"author":[{"embeddable":true,"href":"https:\/\/dev.soyu.fr\/wp-json\/wp\/v2\/users\/1"}],"replies":[{"embeddable":true,"href":"https:\/\/dev.soyu.fr\/wp-json\/wp\/v2\/comments?post=13"}],"version-history":[{"count":92,"href":"https:\/\/dev.soyu.fr\/wp-json\/wp\/v2\/pages\/13\/revisions"}],"predecessor-version":[{"id":1880,"href":"https:\/\/dev.soyu.fr\/wp-json\/wp\/v2\/pages\/13\/revisions\/1880"}],"wp:attachment":[{"href":"https:\/\/dev.soyu.fr\/wp-json\/wp\/v2\/media?parent=13"}],"wp:term":[{"taxonomy":"folder","embeddable":true,"href":"https:\/\/dev.soyu.fr\/wp-json\/wp\/v2\/folder?post=13"}],"curies":[{"name":"wp","href":"https:\/\/api.w.org\/{rel}","templated":true}]}}